{"id":176,"date":"2023-04-08T18:06:33","date_gmt":"2023-04-08T18:06:33","guid":{"rendered":"http:\/\/vohburger-braukurs.de\/?post_type=product&#038;p=176"},"modified":"2023-04-12T19:47:38","modified_gmt":"2023-04-12T19:47:38","slug":"vierfach-flaschenoeffner-edelstahl-einseitig-geschliffen","status":"publish","type":"product","link":"https:\/\/vohburger-braukurs.de\/?product=vierfach-flaschenoeffner-edelstahl-einseitig-geschliffen","title":{"rendered":"Vierfach Flaschen\u00f6ffner Edelstahl einseitig geschliffen"},"content":{"rendered":"<p>4 Fach Flaschen\u00f6ffner aus Edelstahl f\u00fcr die Anwendung im Bierkasten.<br \/>\nPassend zu Flaschen der Bauchigen und Hohen Form.<br \/>\nDer \u00f6ffner ist aus Edelstahl Korn 240 Gelasert.<br \/>\nDer \u00d6ffner ist ein Toller Party Gag oder wie ich Ihn nutze um viele Flaschen auf einmal zu \u00f6ffnen<br \/>\num sie erneut mit Bier zu bef\u00fcllen.<br \/>\nEr Funktioniert einwandfrei.<\/p>\n","protected":false},"excerpt":{"rendered":"<p>4 Fach Flaschen\u00f6ffner aus Edelstahl f\u00fcr die Anwendung im Bierkasten.<\/p>\n","protected":false},"featured_media":178,"comment_status":"open","ping_status":"closed","template":"","meta":[],"product_brand":[],"product_cat":[19],"product_tag":[],"mwb_booking_cost":[],"mwb_booking_service":[],"class_list":{"0":"post-176","1":"product","2":"type-product","3":"status-publish","4":"has-post-thumbnail","6":"product_cat-unkategorisiert","8":"first","9":"instock","10":"shipping-taxable","11":"purchasable","12":"product-type-simple","13":"customify-col","14":"product-has-gallery"},"yoast_head":"<!-- This site is optimized with the Yoast SEO plugin v27.4 - https:\/\/yoast.com\/product\/yoast-seo-wordpress\/ -->\n<title>Vierfach Flaschen\u00f6ffner Edelstahl einseitig geschliffen - Vohburger Braukurs<\/title>\n<meta name=\"robots\" content=\"index, follow, max-snippet:-1, max-image-preview:large, max-video-preview:-1\" \/>\n<link rel=\"canonical\" href=\"https:\/\/vohburger-braukurs.de\/?product=vierfach-flaschenoeffner-edelstahl-einseitig-geschliffen\" \/>\n<meta property=\"og:locale\" content=\"de_DE\" \/>\n<meta property=\"og:type\" content=\"article\" \/>\n<meta property=\"og:title\" content=\"Vierfach Flaschen\u00f6ffner Edelstahl einseitig geschliffen - Vohburger Braukurs\" \/>\n<meta property=\"og:description\" content=\"4 Fach Flaschen\u00f6ffner aus Edelstahl f\u00fcr die Anwendung im Bierkasten.\" \/>\n<meta property=\"og:url\" content=\"https:\/\/vohburger-braukurs.de\/?product=vierfach-flaschenoeffner-edelstahl-einseitig-geschliffen\" \/>\n<meta property=\"og:site_name\" content=\"Vohburger Braukurs\" \/>\n<meta property=\"article:modified_time\" content=\"2023-04-12T19:47:38+00:00\" \/>\n<meta property=\"og:image\" content=\"https:\/\/vohburger-braukurs.de\/wp-content\/uploads\/2023\/04\/20201118_192145-rotated.jpg\" \/>\n\t<meta property=\"og:image:width\" content=\"480\" \/>\n\t<meta property=\"og:image:height\" content=\"640\" \/>\n\t<meta property=\"og:image:type\" content=\"image\/jpeg\" \/>\n<meta name=\"twitter:card\" content=\"summary_large_image\" \/>\n<meta name=\"twitter:label1\" content=\"Gesch\u00e4tzte Lesezeit\" \/>\n\t<meta name=\"twitter:data1\" content=\"1\u00a0Minute\" \/>\n<script type=\"application\/ld+json\" class=\"yoast-schema-graph\">{\"@context\":\"https:\\\/\\\/schema.org\",\"@graph\":[{\"@type\":\"WebPage\",\"@id\":\"https:\\\/\\\/vohburger-braukurs.de\\\/?product=vierfach-flaschenoeffner-edelstahl-einseitig-geschliffen\",\"url\":\"https:\\\/\\\/vohburger-braukurs.de\\\/?product=vierfach-flaschenoeffner-edelstahl-einseitig-geschliffen\",\"name\":\"Vierfach Flaschen\u00f6ffner Edelstahl einseitig geschliffen - Vohburger Braukurs\",\"isPartOf\":{\"@id\":\"https:\\\/\\\/vohburger-braukurs.de\\\/#website\"},\"primaryImageOfPage\":{\"@id\":\"https:\\\/\\\/vohburger-braukurs.de\\\/?product=vierfach-flaschenoeffner-edelstahl-einseitig-geschliffen#primaryimage\"},\"image\":{\"@id\":\"https:\\\/\\\/vohburger-braukurs.de\\\/?product=vierfach-flaschenoeffner-edelstahl-einseitig-geschliffen#primaryimage\"},\"thumbnailUrl\":\"https:\\\/\\\/vohburger-braukurs.de\\\/wp-content\\\/uploads\\\/2023\\\/04\\\/20201118_192145-rotated.jpg\",\"datePublished\":\"2023-04-08T18:06:33+00:00\",\"dateModified\":\"2023-04-12T19:47:38+00:00\",\"breadcrumb\":{\"@id\":\"https:\\\/\\\/vohburger-braukurs.de\\\/?product=vierfach-flaschenoeffner-edelstahl-einseitig-geschliffen#breadcrumb\"},\"inLanguage\":\"de\",\"potentialAction\":[{\"@type\":\"ReadAction\",\"target\":[\"https:\\\/\\\/vohburger-braukurs.de\\\/?product=vierfach-flaschenoeffner-edelstahl-einseitig-geschliffen\"]}]},{\"@type\":\"ImageObject\",\"inLanguage\":\"de\",\"@id\":\"https:\\\/\\\/vohburger-braukurs.de\\\/?product=vierfach-flaschenoeffner-edelstahl-einseitig-geschliffen#primaryimage\",\"url\":\"https:\\\/\\\/vohburger-braukurs.de\\\/wp-content\\\/uploads\\\/2023\\\/04\\\/20201118_192145-rotated.jpg\",\"contentUrl\":\"https:\\\/\\\/vohburger-braukurs.de\\\/wp-content\\\/uploads\\\/2023\\\/04\\\/20201118_192145-rotated.jpg\",\"width\":480,\"height\":640},{\"@type\":\"BreadcrumbList\",\"@id\":\"https:\\\/\\\/vohburger-braukurs.de\\\/?product=vierfach-flaschenoeffner-edelstahl-einseitig-geschliffen#breadcrumb\",\"itemListElement\":[{\"@type\":\"ListItem\",\"position\":1,\"name\":\"Startseite\",\"item\":\"https:\\\/\\\/vohburger-braukurs.de\\\/\"},{\"@type\":\"ListItem\",\"position\":2,\"name\":\"Shop\",\"item\":\"https:\\\/\\\/vohburger-braukurs.de\\\/?page_id=109\"},{\"@type\":\"ListItem\",\"position\":3,\"name\":\"Vierfach Flaschen\u00f6ffner Edelstahl einseitig geschliffen\"}]},{\"@type\":\"WebSite\",\"@id\":\"https:\\\/\\\/vohburger-braukurs.de\\\/#website\",\"url\":\"https:\\\/\\\/vohburger-braukurs.de\\\/\",\"name\":\"Vohburger Braukurs\",\"description\":\"Wenn Bier die Frage ist, was ist dann die Antwort?\",\"publisher\":{\"@id\":\"https:\\\/\\\/vohburger-braukurs.de\\\/#organization\"},\"potentialAction\":[{\"@type\":\"SearchAction\",\"target\":{\"@type\":\"EntryPoint\",\"urlTemplate\":\"https:\\\/\\\/vohburger-braukurs.de\\\/?s={search_term_string}\"},\"query-input\":{\"@type\":\"PropertyValueSpecification\",\"valueRequired\":true,\"valueName\":\"search_term_string\"}}],\"inLanguage\":\"de\"},{\"@type\":\"Organization\",\"@id\":\"https:\\\/\\\/vohburger-braukurs.de\\\/#organization\",\"name\":\"Vohburger Braukurs\",\"url\":\"https:\\\/\\\/vohburger-braukurs.de\\\/\",\"logo\":{\"@type\":\"ImageObject\",\"inLanguage\":\"de\",\"@id\":\"https:\\\/\\\/vohburger-braukurs.de\\\/#\\\/schema\\\/logo\\\/image\\\/\",\"url\":\"https:\\\/\\\/vohburger-braukurs.de\\\/wp-content\\\/uploads\\\/2023\\\/04\\\/cropped-Makenzeichen.jpg\",\"contentUrl\":\"https:\\\/\\\/vohburger-braukurs.de\\\/wp-content\\\/uploads\\\/2023\\\/04\\\/cropped-Makenzeichen.jpg\",\"width\":349,\"height\":302,\"caption\":\"Vohburger Braukurs\"},\"image\":{\"@id\":\"https:\\\/\\\/vohburger-braukurs.de\\\/#\\\/schema\\\/logo\\\/image\\\/\"}}]}<\/script>\n<!-- \/ Yoast SEO plugin. -->","yoast_head_json":{"title":"Vierfach Flaschen\u00f6ffner Edelstahl einseitig geschliffen - Vohburger Braukurs","robots":{"index":"index","follow":"follow","max-snippet":"max-snippet:-1","max-image-preview":"max-image-preview:large","max-video-preview":"max-video-preview:-1"},"canonical":"https:\/\/vohburger-braukurs.de\/?product=vierfach-flaschenoeffner-edelstahl-einseitig-geschliffen","og_locale":"de_DE","og_type":"article","og_title":"Vierfach Flaschen\u00f6ffner Edelstahl einseitig geschliffen - Vohburger Braukurs","og_description":"4 Fach Flaschen\u00f6ffner aus Edelstahl f\u00fcr die Anwendung im Bierkasten.","og_url":"https:\/\/vohburger-braukurs.de\/?product=vierfach-flaschenoeffner-edelstahl-einseitig-geschliffen","og_site_name":"Vohburger Braukurs","article_modified_time":"2023-04-12T19:47:38+00:00","og_image":[{"width":480,"height":640,"url":"https:\/\/vohburger-braukurs.de\/wp-content\/uploads\/2023\/04\/20201118_192145-rotated.jpg","type":"image\/jpeg"}],"twitter_card":"summary_large_image","twitter_misc":{"Gesch\u00e4tzte Lesezeit":"1\u00a0Minute"},"schema":{"@context":"https:\/\/schema.org","@graph":[{"@type":"WebPage","@id":"https:\/\/vohburger-braukurs.de\/?product=vierfach-flaschenoeffner-edelstahl-einseitig-geschliffen","url":"https:\/\/vohburger-braukurs.de\/?product=vierfach-flaschenoeffner-edelstahl-einseitig-geschliffen","name":"Vierfach Flaschen\u00f6ffner Edelstahl einseitig geschliffen - Vohburger Braukurs","isPartOf":{"@id":"https:\/\/vohburger-braukurs.de\/#website"},"primaryImageOfPage":{"@id":"https:\/\/vohburger-braukurs.de\/?product=vierfach-flaschenoeffner-edelstahl-einseitig-geschliffen#primaryimage"},"image":{"@id":"https:\/\/vohburger-braukurs.de\/?product=vierfach-flaschenoeffner-edelstahl-einseitig-geschliffen#primaryimage"},"thumbnailUrl":"https:\/\/vohburger-braukurs.de\/wp-content\/uploads\/2023\/04\/20201118_192145-rotated.jpg","datePublished":"2023-04-08T18:06:33+00:00","dateModified":"2023-04-12T19:47:38+00:00","breadcrumb":{"@id":"https:\/\/vohburger-braukurs.de\/?product=vierfach-flaschenoeffner-edelstahl-einseitig-geschliffen#breadcrumb"},"inLanguage":"de","potentialAction":[{"@type":"ReadAction","target":["https:\/\/vohburger-braukurs.de\/?product=vierfach-flaschenoeffner-edelstahl-einseitig-geschliffen"]}]},{"@type":"ImageObject","inLanguage":"de","@id":"https:\/\/vohburger-braukurs.de\/?product=vierfach-flaschenoeffner-edelstahl-einseitig-geschliffen#primaryimage","url":"https:\/\/vohburger-braukurs.de\/wp-content\/uploads\/2023\/04\/20201118_192145-rotated.jpg","contentUrl":"https:\/\/vohburger-braukurs.de\/wp-content\/uploads\/2023\/04\/20201118_192145-rotated.jpg","width":480,"height":640},{"@type":"BreadcrumbList","@id":"https:\/\/vohburger-braukurs.de\/?product=vierfach-flaschenoeffner-edelstahl-einseitig-geschliffen#breadcrumb","itemListElement":[{"@type":"ListItem","position":1,"name":"Startseite","item":"https:\/\/vohburger-braukurs.de\/"},{"@type":"ListItem","position":2,"name":"Shop","item":"https:\/\/vohburger-braukurs.de\/?page_id=109"},{"@type":"ListItem","position":3,"name":"Vierfach Flaschen\u00f6ffner Edelstahl einseitig geschliffen"}]},{"@type":"WebSite","@id":"https:\/\/vohburger-braukurs.de\/#website","url":"https:\/\/vohburger-braukurs.de\/","name":"Vohburger Braukurs","description":"Wenn Bier die Frage ist, was ist dann die Antwort?","publisher":{"@id":"https:\/\/vohburger-braukurs.de\/#organization"},"potentialAction":[{"@type":"SearchAction","target":{"@type":"EntryPoint","urlTemplate":"https:\/\/vohburger-braukurs.de\/?s={search_term_string}"},"query-input":{"@type":"PropertyValueSpecification","valueRequired":true,"valueName":"search_term_string"}}],"inLanguage":"de"},{"@type":"Organization","@id":"https:\/\/vohburger-braukurs.de\/#organization","name":"Vohburger Braukurs","url":"https:\/\/vohburger-braukurs.de\/","logo":{"@type":"ImageObject","inLanguage":"de","@id":"https:\/\/vohburger-braukurs.de\/#\/schema\/logo\/image\/","url":"https:\/\/vohburger-braukurs.de\/wp-content\/uploads\/2023\/04\/cropped-Makenzeichen.jpg","contentUrl":"https:\/\/vohburger-braukurs.de\/wp-content\/uploads\/2023\/04\/cropped-Makenzeichen.jpg","width":349,"height":302,"caption":"Vohburger Braukurs"},"image":{"@id":"https:\/\/vohburger-braukurs.de\/#\/schema\/logo\/image\/"}}]}},"_links":{"self":[{"href":"https:\/\/vohburger-braukurs.de\/index.php?rest_route=\/wp\/v2\/product\/176","targetHints":{"allow":["GET"]}}],"collection":[{"href":"https:\/\/vohburger-braukurs.de\/index.php?rest_route=\/wp\/v2\/product"}],"about":[{"href":"https:\/\/vohburger-braukurs.de\/index.php?rest_route=\/wp\/v2\/types\/product"}],"replies":[{"embeddable":true,"href":"https:\/\/vohburger-braukurs.de\/index.php?rest_route=%2Fwp%2Fv2%2Fcomments&post=176"}],"wp:featuredmedia":[{"embeddable":true,"href":"https:\/\/vohburger-braukurs.de\/index.php?rest_route=\/wp\/v2\/media\/178"}],"wp:attachment":[{"href":"https:\/\/vohburger-braukurs.de\/index.php?rest_route=%2Fwp%2Fv2%2Fmedia&parent=176"}],"wp:term":[{"taxonomy":"product_brand","embeddable":true,"href":"https:\/\/vohburger-braukurs.de\/index.php?rest_route=%2Fwp%2Fv2%2Fproduct_brand&post=176"},{"taxonomy":"product_cat","embeddable":true,"href":"https:\/\/vohburger-braukurs.de\/index.php?rest_route=%2Fwp%2Fv2%2Fproduct_cat&post=176"},{"taxonomy":"product_tag","embeddable":true,"href":"https:\/\/vohburger-braukurs.de\/index.php?rest_route=%2Fwp%2Fv2%2Fproduct_tag&post=176"},{"taxonomy":"mwb_booking_cost","embeddable":true,"href":"https:\/\/vohburger-braukurs.de\/index.php?rest_route=%2Fwp%2Fv2%2Fmwb_booking_cost&post=176"},{"taxonomy":"mwb_booking_service","embeddable":true,"href":"https:\/\/vohburger-braukurs.de\/index.php?rest_route=%2Fwp%2Fv2%2Fmwb_booking_service&post=176"}],"curies":[{"name":"wp","href":"https:\/\/api.w.org\/{rel}","templated":true}]}}