{"id":152,"date":"2023-04-08T17:07:29","date_gmt":"2023-04-08T17:07:29","guid":{"rendered":"http:\/\/vohburger-braukurs.de\/?post_type=product&#038;p=152"},"modified":"2023-04-12T19:55:11","modified_gmt":"2023-04-12T19:55:11","slug":"edelstahl-bierstern-fuer-hobbybrauer-durchmesser-120mm","status":"publish","type":"product","link":"https:\/\/vohburger-braukurs.de\/?product=edelstahl-bierstern-fuer-hobbybrauer-durchmesser-120mm","title":{"rendered":"Edelstahl Bierstern f\u00fcr Hobbybrauer Durchmesser 120mm"},"content":{"rendered":"<p>Altes Brausymbol Bierstern aus Edelstahl mit Eingeschwei\u00dften Montagestiften zur Wandmontage.<br \/>\nDer Durchmesser des Biersterns ist 120mm.<br \/>\nDie Montage kann entweder per Einkleben in die Wand oder durch Einstecken in D\u00fcbel Volzogen werden.<br \/>\nIm Lieferumfang ist zus\u00e4tzlich zum Bierstern.<br \/>\n&#8211; 2 D\u00fcbel Marke Fischer gr\u00f6\u00dfe 8.<br \/>\n&#8211; 2 VA Scheiben als Lochabdeckung zum verblenden.<br \/>\n&#8211; 1 Montageanleitung.<\/p>\n<p>Der Bierstern ist aus Edelstahl und die Sichtseite mit Korn 240 Geschliffen.<br \/>\nDie R\u00fcckseite ist unbehandelt.<br \/>\nDer Bierstern wurde von mir mit WIG Geschwei\u00dft und nach dem Schwei\u00dfen gebeitzt und Gereinigt.<\/p>\n","protected":false},"excerpt":{"rendered":"<p>Altes Brausymbol Bierstern aus Edelstahl mit Eingeschwei\u00dften Montagestiften<\/p>\n","protected":false},"featured_media":158,"comment_status":"open","ping_status":"closed","template":"","meta":[],"product_brand":[],"product_cat":[19],"product_tag":[],"mwb_booking_cost":[],"mwb_booking_service":[],"class_list":{"0":"post-152","1":"product","2":"type-product","3":"status-publish","4":"has-post-thumbnail","6":"product_cat-unkategorisiert","8":"first","9":"instock","10":"shipping-taxable","11":"purchasable","12":"product-type-simple","13":"customify-col","14":"product-has-gallery"},"yoast_head":"<!-- This site is optimized with the Yoast SEO plugin v27.4 - https:\/\/yoast.com\/product\/yoast-seo-wordpress\/ -->\n<title>Edelstahl Bierstern f\u00fcr Hobbybrauer Durchmesser 120mm - Vohburger Braukurs<\/title>\n<meta name=\"robots\" content=\"index, follow, max-snippet:-1, max-image-preview:large, max-video-preview:-1\" \/>\n<link rel=\"canonical\" href=\"https:\/\/vohburger-braukurs.de\/?product=edelstahl-bierstern-fuer-hobbybrauer-durchmesser-120mm\" \/>\n<meta property=\"og:locale\" content=\"de_DE\" \/>\n<meta property=\"og:type\" content=\"article\" \/>\n<meta property=\"og:title\" content=\"Edelstahl Bierstern f\u00fcr Hobbybrauer Durchmesser 120mm - Vohburger Braukurs\" \/>\n<meta property=\"og:description\" content=\"Altes Brausymbol Bierstern aus Edelstahl mit Eingeschwei\u00dften Montagestiften\" \/>\n<meta property=\"og:url\" content=\"https:\/\/vohburger-braukurs.de\/?product=edelstahl-bierstern-fuer-hobbybrauer-durchmesser-120mm\" \/>\n<meta property=\"og:site_name\" content=\"Vohburger Braukurs\" \/>\n<meta property=\"article:modified_time\" content=\"2023-04-12T19:55:11+00:00\" \/>\n<meta property=\"og:image\" content=\"https:\/\/vohburger-braukurs.de\/wp-content\/uploads\/2023\/04\/59-1.jpg\" \/>\n\t<meta property=\"og:image:width\" content=\"640\" \/>\n\t<meta property=\"og:image:height\" content=\"480\" \/>\n\t<meta property=\"og:image:type\" content=\"image\/jpeg\" \/>\n<meta name=\"twitter:card\" content=\"summary_large_image\" \/>\n<meta name=\"twitter:label1\" content=\"Gesch\u00e4tzte Lesezeit\" \/>\n\t<meta name=\"twitter:data1\" content=\"1\u00a0Minute\" \/>\n<script type=\"application\/ld+json\" class=\"yoast-schema-graph\">{\"@context\":\"https:\\\/\\\/schema.org\",\"@graph\":[{\"@type\":\"WebPage\",\"@id\":\"https:\\\/\\\/vohburger-braukurs.de\\\/?product=edelstahl-bierstern-fuer-hobbybrauer-durchmesser-120mm\",\"url\":\"https:\\\/\\\/vohburger-braukurs.de\\\/?product=edelstahl-bierstern-fuer-hobbybrauer-durchmesser-120mm\",\"name\":\"Edelstahl Bierstern f\u00fcr Hobbybrauer Durchmesser 120mm - Vohburger Braukurs\",\"isPartOf\":{\"@id\":\"https:\\\/\\\/vohburger-braukurs.de\\\/#website\"},\"primaryImageOfPage\":{\"@id\":\"https:\\\/\\\/vohburger-braukurs.de\\\/?product=edelstahl-bierstern-fuer-hobbybrauer-durchmesser-120mm#primaryimage\"},\"image\":{\"@id\":\"https:\\\/\\\/vohburger-braukurs.de\\\/?product=edelstahl-bierstern-fuer-hobbybrauer-durchmesser-120mm#primaryimage\"},\"thumbnailUrl\":\"https:\\\/\\\/vohburger-braukurs.de\\\/wp-content\\\/uploads\\\/2023\\\/04\\\/59-1.jpg\",\"datePublished\":\"2023-04-08T17:07:29+00:00\",\"dateModified\":\"2023-04-12T19:55:11+00:00\",\"breadcrumb\":{\"@id\":\"https:\\\/\\\/vohburger-braukurs.de\\\/?product=edelstahl-bierstern-fuer-hobbybrauer-durchmesser-120mm#breadcrumb\"},\"inLanguage\":\"de\",\"potentialAction\":[{\"@type\":\"ReadAction\",\"target\":[\"https:\\\/\\\/vohburger-braukurs.de\\\/?product=edelstahl-bierstern-fuer-hobbybrauer-durchmesser-120mm\"]}]},{\"@type\":\"ImageObject\",\"inLanguage\":\"de\",\"@id\":\"https:\\\/\\\/vohburger-braukurs.de\\\/?product=edelstahl-bierstern-fuer-hobbybrauer-durchmesser-120mm#primaryimage\",\"url\":\"https:\\\/\\\/vohburger-braukurs.de\\\/wp-content\\\/uploads\\\/2023\\\/04\\\/59-1.jpg\",\"contentUrl\":\"https:\\\/\\\/vohburger-braukurs.de\\\/wp-content\\\/uploads\\\/2023\\\/04\\\/59-1.jpg\",\"width\":640,\"height\":480},{\"@type\":\"BreadcrumbList\",\"@id\":\"https:\\\/\\\/vohburger-braukurs.de\\\/?product=edelstahl-bierstern-fuer-hobbybrauer-durchmesser-120mm#breadcrumb\",\"itemListElement\":[{\"@type\":\"ListItem\",\"position\":1,\"name\":\"Startseite\",\"item\":\"https:\\\/\\\/vohburger-braukurs.de\\\/\"},{\"@type\":\"ListItem\",\"position\":2,\"name\":\"Shop\",\"item\":\"https:\\\/\\\/vohburger-braukurs.de\\\/?page_id=109\"},{\"@type\":\"ListItem\",\"position\":3,\"name\":\"Edelstahl Bierstern f\u00fcr Hobbybrauer Durchmesser 120mm\"}]},{\"@type\":\"WebSite\",\"@id\":\"https:\\\/\\\/vohburger-braukurs.de\\\/#website\",\"url\":\"https:\\\/\\\/vohburger-braukurs.de\\\/\",\"name\":\"Vohburger Braukurs\",\"description\":\"Wenn Bier die Frage ist, was ist dann die Antwort?\",\"publisher\":{\"@id\":\"https:\\\/\\\/vohburger-braukurs.de\\\/#organization\"},\"potentialAction\":[{\"@type\":\"SearchAction\",\"target\":{\"@type\":\"EntryPoint\",\"urlTemplate\":\"https:\\\/\\\/vohburger-braukurs.de\\\/?s={search_term_string}\"},\"query-input\":{\"@type\":\"PropertyValueSpecification\",\"valueRequired\":true,\"valueName\":\"search_term_string\"}}],\"inLanguage\":\"de\"},{\"@type\":\"Organization\",\"@id\":\"https:\\\/\\\/vohburger-braukurs.de\\\/#organization\",\"name\":\"Vohburger Braukurs\",\"url\":\"https:\\\/\\\/vohburger-braukurs.de\\\/\",\"logo\":{\"@type\":\"ImageObject\",\"inLanguage\":\"de\",\"@id\":\"https:\\\/\\\/vohburger-braukurs.de\\\/#\\\/schema\\\/logo\\\/image\\\/\",\"url\":\"https:\\\/\\\/vohburger-braukurs.de\\\/wp-content\\\/uploads\\\/2023\\\/04\\\/cropped-Makenzeichen.jpg\",\"contentUrl\":\"https:\\\/\\\/vohburger-braukurs.de\\\/wp-content\\\/uploads\\\/2023\\\/04\\\/cropped-Makenzeichen.jpg\",\"width\":349,\"height\":302,\"caption\":\"Vohburger Braukurs\"},\"image\":{\"@id\":\"https:\\\/\\\/vohburger-braukurs.de\\\/#\\\/schema\\\/logo\\\/image\\\/\"}}]}<\/script>\n<!-- \/ Yoast SEO plugin. -->","yoast_head_json":{"title":"Edelstahl Bierstern f\u00fcr Hobbybrauer Durchmesser 120mm - Vohburger Braukurs","robots":{"index":"index","follow":"follow","max-snippet":"max-snippet:-1","max-image-preview":"max-image-preview:large","max-video-preview":"max-video-preview:-1"},"canonical":"https:\/\/vohburger-braukurs.de\/?product=edelstahl-bierstern-fuer-hobbybrauer-durchmesser-120mm","og_locale":"de_DE","og_type":"article","og_title":"Edelstahl Bierstern f\u00fcr Hobbybrauer Durchmesser 120mm - Vohburger Braukurs","og_description":"Altes Brausymbol Bierstern aus Edelstahl mit Eingeschwei\u00dften Montagestiften","og_url":"https:\/\/vohburger-braukurs.de\/?product=edelstahl-bierstern-fuer-hobbybrauer-durchmesser-120mm","og_site_name":"Vohburger Braukurs","article_modified_time":"2023-04-12T19:55:11+00:00","og_image":[{"width":640,"height":480,"url":"https:\/\/vohburger-braukurs.de\/wp-content\/uploads\/2023\/04\/59-1.jpg","type":"image\/jpeg"}],"twitter_card":"summary_large_image","twitter_misc":{"Gesch\u00e4tzte Lesezeit":"1\u00a0Minute"},"schema":{"@context":"https:\/\/schema.org","@graph":[{"@type":"WebPage","@id":"https:\/\/vohburger-braukurs.de\/?product=edelstahl-bierstern-fuer-hobbybrauer-durchmesser-120mm","url":"https:\/\/vohburger-braukurs.de\/?product=edelstahl-bierstern-fuer-hobbybrauer-durchmesser-120mm","name":"Edelstahl Bierstern f\u00fcr Hobbybrauer Durchmesser 120mm - Vohburger Braukurs","isPartOf":{"@id":"https:\/\/vohburger-braukurs.de\/#website"},"primaryImageOfPage":{"@id":"https:\/\/vohburger-braukurs.de\/?product=edelstahl-bierstern-fuer-hobbybrauer-durchmesser-120mm#primaryimage"},"image":{"@id":"https:\/\/vohburger-braukurs.de\/?product=edelstahl-bierstern-fuer-hobbybrauer-durchmesser-120mm#primaryimage"},"thumbnailUrl":"https:\/\/vohburger-braukurs.de\/wp-content\/uploads\/2023\/04\/59-1.jpg","datePublished":"2023-04-08T17:07:29+00:00","dateModified":"2023-04-12T19:55:11+00:00","breadcrumb":{"@id":"https:\/\/vohburger-braukurs.de\/?product=edelstahl-bierstern-fuer-hobbybrauer-durchmesser-120mm#breadcrumb"},"inLanguage":"de","potentialAction":[{"@type":"ReadAction","target":["https:\/\/vohburger-braukurs.de\/?product=edelstahl-bierstern-fuer-hobbybrauer-durchmesser-120mm"]}]},{"@type":"ImageObject","inLanguage":"de","@id":"https:\/\/vohburger-braukurs.de\/?product=edelstahl-bierstern-fuer-hobbybrauer-durchmesser-120mm#primaryimage","url":"https:\/\/vohburger-braukurs.de\/wp-content\/uploads\/2023\/04\/59-1.jpg","contentUrl":"https:\/\/vohburger-braukurs.de\/wp-content\/uploads\/2023\/04\/59-1.jpg","width":640,"height":480},{"@type":"BreadcrumbList","@id":"https:\/\/vohburger-braukurs.de\/?product=edelstahl-bierstern-fuer-hobbybrauer-durchmesser-120mm#breadcrumb","itemListElement":[{"@type":"ListItem","position":1,"name":"Startseite","item":"https:\/\/vohburger-braukurs.de\/"},{"@type":"ListItem","position":2,"name":"Shop","item":"https:\/\/vohburger-braukurs.de\/?page_id=109"},{"@type":"ListItem","position":3,"name":"Edelstahl Bierstern f\u00fcr Hobbybrauer Durchmesser 120mm"}]},{"@type":"WebSite","@id":"https:\/\/vohburger-braukurs.de\/#website","url":"https:\/\/vohburger-braukurs.de\/","name":"Vohburger Braukurs","description":"Wenn Bier die Frage ist, was ist dann die Antwort?","publisher":{"@id":"https:\/\/vohburger-braukurs.de\/#organization"},"potentialAction":[{"@type":"SearchAction","target":{"@type":"EntryPoint","urlTemplate":"https:\/\/vohburger-braukurs.de\/?s={search_term_string}"},"query-input":{"@type":"PropertyValueSpecification","valueRequired":true,"valueName":"search_term_string"}}],"inLanguage":"de"},{"@type":"Organization","@id":"https:\/\/vohburger-braukurs.de\/#organization","name":"Vohburger Braukurs","url":"https:\/\/vohburger-braukurs.de\/","logo":{"@type":"ImageObject","inLanguage":"de","@id":"https:\/\/vohburger-braukurs.de\/#\/schema\/logo\/image\/","url":"https:\/\/vohburger-braukurs.de\/wp-content\/uploads\/2023\/04\/cropped-Makenzeichen.jpg","contentUrl":"https:\/\/vohburger-braukurs.de\/wp-content\/uploads\/2023\/04\/cropped-Makenzeichen.jpg","width":349,"height":302,"caption":"Vohburger Braukurs"},"image":{"@id":"https:\/\/vohburger-braukurs.de\/#\/schema\/logo\/image\/"}}]}},"_links":{"self":[{"href":"https:\/\/vohburger-braukurs.de\/index.php?rest_route=\/wp\/v2\/product\/152","targetHints":{"allow":["GET"]}}],"collection":[{"href":"https:\/\/vohburger-braukurs.de\/index.php?rest_route=\/wp\/v2\/product"}],"about":[{"href":"https:\/\/vohburger-braukurs.de\/index.php?rest_route=\/wp\/v2\/types\/product"}],"replies":[{"embeddable":true,"href":"https:\/\/vohburger-braukurs.de\/index.php?rest_route=%2Fwp%2Fv2%2Fcomments&post=152"}],"wp:featuredmedia":[{"embeddable":true,"href":"https:\/\/vohburger-braukurs.de\/index.php?rest_route=\/wp\/v2\/media\/158"}],"wp:attachment":[{"href":"https:\/\/vohburger-braukurs.de\/index.php?rest_route=%2Fwp%2Fv2%2Fmedia&parent=152"}],"wp:term":[{"taxonomy":"product_brand","embeddable":true,"href":"https:\/\/vohburger-braukurs.de\/index.php?rest_route=%2Fwp%2Fv2%2Fproduct_brand&post=152"},{"taxonomy":"product_cat","embeddable":true,"href":"https:\/\/vohburger-braukurs.de\/index.php?rest_route=%2Fwp%2Fv2%2Fproduct_cat&post=152"},{"taxonomy":"product_tag","embeddable":true,"href":"https:\/\/vohburger-braukurs.de\/index.php?rest_route=%2Fwp%2Fv2%2Fproduct_tag&post=152"},{"taxonomy":"mwb_booking_cost","embeddable":true,"href":"https:\/\/vohburger-braukurs.de\/index.php?rest_route=%2Fwp%2Fv2%2Fmwb_booking_cost&post=152"},{"taxonomy":"mwb_booking_service","embeddable":true,"href":"https:\/\/vohburger-braukurs.de\/index.php?rest_route=%2Fwp%2Fv2%2Fmwb_booking_service&post=152"}],"curies":[{"name":"wp","href":"https:\/\/api.w.org\/{rel}","templated":true}]}}