{"id":9,"date":"2023-04-03T18:45:29","date_gmt":"2023-04-03T18:45:29","guid":{"rendered":"http:\/\/vohburger-braukurs.de\/?page_id=9"},"modified":"2023-06-26T16:39:06","modified_gmt":"2023-06-26T16:39:06","slug":"impressum","status":"publish","type":"page","link":"https:\/\/vohburger-braukurs.de\/?page_id=9","title":{"rendered":"Impressum"},"content":{"rendered":"\n<p>Angaben gem\u00e4\u00df \u00a7 5 TMG:<br><\/p>\n\n\n\n<p><strong>\u00a0Hobbybraukurs Thaller Dominik<\/strong><br>\u00a0Menninger Str.9<br>\u00a085088 Vohburg<br>\u00a0Deutschland<\/p>\n\n\n\n<p>Tel.: 08457\/5157008<br>&nbsp;dominikthaller1@yahoo.de<\/p>\n\n\n\n<h2 class=\"wp-block-heading\">Gesch\u00e4ftsf\u00fchrer:&nbsp;<\/h2>\n\n\n\n<p>Thaller Dominik<\/p>\n\n\n\n<h2 class=\"wp-block-heading\">Logo:<\/h2>\n\n\n\n<p><a href=\"http:\/\/www.zeichenundwunder.de\/\" target=\"_blank\" rel=\"noreferrer noopener\">T<\/a>haller Dominik<\/p>\n\n\n\n<h2 class=\"wp-block-heading\">Gestaltung:<\/h2>\n\n\n\n<p><a href=\"http:\/\/www.vor-druck.de\">T<\/a>haller Dominik<\/p>\n\n\n\n<h2 class=\"wp-block-heading\">Programmierung:<\/h2>\n\n\n\n<p><a href=\"http:\/\/www.david-stingl.de\/\">T<\/a>haller Dominik<\/p>\n\n\n\n<h2 class=\"wp-block-heading\">Fotos:<\/h2>\n\n\n\n<p>Festner Michael, Thaller Dominik<\/p>\n\n\n\n<h2 class=\"wp-block-heading\">Zeichnung Hobbybraukurs Thaller:<\/h2>\n\n\n\n<p>Alle Rechte vorbehalten.<br>&nbsp;Ohne vorherige Genehmigung durch Thaller Dominik darf ein Nachdruck, eine Aufnahme ins Internet bzw. Online-Dienst nicht vorgenommen werden. Dies gilt ebenso f\u00fcr die Aufnahme elektronischer Datenbanksysteme sowie die Vervielf\u00e4ltigung auf elektronische Datentr\u00e4ger. Die Inhalte dieser Seiten sowie deren Gestaltung unterliegen dem Urheberrecht durch Thaller Dominik.<\/p>\n\n\n\n<h2 class=\"wp-block-heading\">Haftungsausschluss:<\/h2>\n\n\n\n<p><strong>Haftung f\u00fcr Inhalte<\/strong><br>Die Inhalte meiner Seiten wurden mit Sorgfalt erstellt. F\u00fcr die Richtigkeit, Vollst\u00e4ndigkeit und Aktualit\u00e4t der Inhalte kann ich jedoch keine Gew\u00e4hr \u00fcbernehmen. Als Diensteanbieter bin ich gem\u00e4\u00df \u00a7 7 Abs.1 TMG f\u00fcr eigene Inhalte auf diesen Seiten nach den allgemeinen Gesetzen verantwortlich. Nach \u00a7\u00a7 8 bis 10 TMG bin ich als Diensteanbieter jedoch nicht verpflichtet, \u00fcbermittelte oder gespeicherte fremde Informationen zu \u00fcberwachen oder nach Umst\u00e4nden zu forschen, die auf eine rechtswidrige T\u00e4tigkeit hinweisen. Verpflichtungen zur Entfernung oder Sperrung der Nutzung von Informationen nach den allgemeinen Gesetzen bleiben hiervon unber\u00fchrt. Eine diesbez\u00fcgliche Haftung ist jedoch erst ab dem Zeitpunkt der Kenntnis einer konkreten Rechtsverletzung m\u00f6glich. Bei Bekanntwerden von entsprechenden Rechtsverletzungen werden wir diese Inhalte umgehend entfernen.<\/p>\n\n\n\n<p><strong>Haftung f\u00fcr Links<\/strong><br>Unser Angebot enth\u00e4lt Links zu externen Webseiten Dritter, auf deren Inhalte wir keinen Einfluss haben. Deshalb k\u00f6nnen wir f\u00fcr diese fremden Inhalte auch keine Gew\u00e4hr \u00fcbernehmen. F\u00fcr die Inhalte der verlinkten Seiten ist stets der jeweilige Anbieter oder Betreiber der Seiten verantwortlich. Die verlinkten Seiten wurden zum Zeitpunkt der Verlinkung auf m\u00f6gliche Rechtsverst\u00f6\u00dfe \u00fcberpr\u00fcft. Rechtswidrige Inhalte waren zum Zeitpunkt der Verlinkung nicht erkennbar. Eine permanente inhaltliche Kontrolle der verlinkten Seiten ist jedoch ohne konkrete Anhaltspunkte einer Rechtsverletzung nicht zumutbar. Bei Bekanntwerden von Rechtsverletzungen werden wir derartige Links umgehend entfernen.<\/p>\n\n\n\n<h2 class=\"wp-block-heading\">Urheberrecht:<\/h2>\n\n\n\n<p>Die durch die Seitenbetreiber erstellten Inhalte und Werke auf diesen Seiten unterliegen dem deutschen Urheberrecht. Die Vervielf\u00e4ltigung, Bearbeitung, Verbreitung und jede Art der Verwertung au\u00dferhalb der Grenzen des Urheberrechtes bed\u00fcrfen der schriftlichen Zustimmung des jeweiligen Autors bzw. Erstellers. Downloads und Kopien dieser Seite sind nur f\u00fcr den privaten, nicht kommerziellen Gebrauch gestattet. Soweit die Inhalte auf dieser Seite nicht vom Betreiber erstellt wurden, werden die Urheberrechte Dritter beachtet. Insbesondere werden Inhalte Dritter als solche gekennzeichnet. Sollten Sie trotzdem auf eine Urheberrechtsverletzung aufmerksam werden, bitten wir um einen entsprechenden Hinweis. Bei Bekanntwerden von Rechtsverletzungen werden wir derartige Inhalte umgehend entfernen.<\/p>\n","protected":false},"excerpt":{"rendered":"<p>Angaben gem\u00e4\u00df \u00a7 5 TMG: \u00a0Hobbybraukurs Thaller Dominik\u00a0Menninger Str.9\u00a085088 Vohburg\u00a0Deutschland Tel.: 08457\/5157008&nbsp;dominikthaller1@yahoo.de Gesch\u00e4ftsf\u00fchrer:&nbsp; Thaller Dominik Logo: Thaller Dominik Gestaltung: Thaller Dominik Programmierung: Thaller Dominik Fotos:&hellip;<\/p>\n","protected":false},"author":1,"featured_media":0,"parent":0,"menu_order":0,"comment_status":"closed","ping_status":"closed","template":"","meta":{"footnotes":""},"class_list":["post-9","page","type-page","status-publish","hentry"],"yoast_head":"<!-- This site is optimized with the Yoast SEO plugin v27.4 - https:\/\/yoast.com\/product\/yoast-seo-wordpress\/ -->\n<title>Impressum - Vohburger Braukurs<\/title>\n<meta name=\"robots\" content=\"index, follow, max-snippet:-1, max-image-preview:large, max-video-preview:-1\" \/>\n<link rel=\"canonical\" href=\"https:\/\/vohburger-braukurs.de\/?page_id=9\" \/>\n<meta property=\"og:locale\" content=\"de_DE\" \/>\n<meta property=\"og:type\" content=\"article\" \/>\n<meta property=\"og:title\" content=\"Impressum - Vohburger Braukurs\" \/>\n<meta property=\"og:description\" content=\"Angaben gem\u00e4\u00df \u00a7 5 TMG: \u00a0Hobbybraukurs Thaller Dominik\u00a0Menninger Str.9\u00a085088 Vohburg\u00a0Deutschland Tel.: 08457\/5157008&nbsp;dominikthaller1@yahoo.de Gesch\u00e4ftsf\u00fchrer:&nbsp; Thaller Dominik Logo: Thaller Dominik Gestaltung: Thaller Dominik Programmierung: Thaller Dominik Fotos:&hellip;\" \/>\n<meta property=\"og:url\" content=\"https:\/\/vohburger-braukurs.de\/?page_id=9\" \/>\n<meta property=\"og:site_name\" content=\"Vohburger Braukurs\" \/>\n<meta property=\"article:modified_time\" content=\"2023-06-26T16:39:06+00:00\" \/>\n<meta name=\"twitter:card\" content=\"summary_large_image\" \/>\n<meta name=\"twitter:label1\" content=\"Gesch\u00e4tzte Lesezeit\" \/>\n\t<meta name=\"twitter:data1\" content=\"3\u00a0Minuten\" \/>\n<script type=\"application\/ld+json\" class=\"yoast-schema-graph\">{\"@context\":\"https:\\\/\\\/schema.org\",\"@graph\":[{\"@type\":\"WebPage\",\"@id\":\"https:\\\/\\\/vohburger-braukurs.de\\\/?page_id=9\",\"url\":\"https:\\\/\\\/vohburger-braukurs.de\\\/?page_id=9\",\"name\":\"Impressum - Vohburger Braukurs\",\"isPartOf\":{\"@id\":\"https:\\\/\\\/vohburger-braukurs.de\\\/#website\"},\"datePublished\":\"2023-04-03T18:45:29+00:00\",\"dateModified\":\"2023-06-26T16:39:06+00:00\",\"breadcrumb\":{\"@id\":\"https:\\\/\\\/vohburger-braukurs.de\\\/?page_id=9#breadcrumb\"},\"inLanguage\":\"de\",\"potentialAction\":[{\"@type\":\"ReadAction\",\"target\":[\"https:\\\/\\\/vohburger-braukurs.de\\\/?page_id=9\"]}]},{\"@type\":\"BreadcrumbList\",\"@id\":\"https:\\\/\\\/vohburger-braukurs.de\\\/?page_id=9#breadcrumb\",\"itemListElement\":[{\"@type\":\"ListItem\",\"position\":1,\"name\":\"Startseite\",\"item\":\"https:\\\/\\\/vohburger-braukurs.de\\\/\"},{\"@type\":\"ListItem\",\"position\":2,\"name\":\"Impressum\"}]},{\"@type\":\"WebSite\",\"@id\":\"https:\\\/\\\/vohburger-braukurs.de\\\/#website\",\"url\":\"https:\\\/\\\/vohburger-braukurs.de\\\/\",\"name\":\"Vohburger Braukurs\",\"description\":\"Wenn Bier die Frage ist, was ist dann die Antwort?\",\"publisher\":{\"@id\":\"https:\\\/\\\/vohburger-braukurs.de\\\/#organization\"},\"potentialAction\":[{\"@type\":\"SearchAction\",\"target\":{\"@type\":\"EntryPoint\",\"urlTemplate\":\"https:\\\/\\\/vohburger-braukurs.de\\\/?s={search_term_string}\"},\"query-input\":{\"@type\":\"PropertyValueSpecification\",\"valueRequired\":true,\"valueName\":\"search_term_string\"}}],\"inLanguage\":\"de\"},{\"@type\":\"Organization\",\"@id\":\"https:\\\/\\\/vohburger-braukurs.de\\\/#organization\",\"name\":\"Vohburger Braukurs\",\"url\":\"https:\\\/\\\/vohburger-braukurs.de\\\/\",\"logo\":{\"@type\":\"ImageObject\",\"inLanguage\":\"de\",\"@id\":\"https:\\\/\\\/vohburger-braukurs.de\\\/#\\\/schema\\\/logo\\\/image\\\/\",\"url\":\"https:\\\/\\\/vohburger-braukurs.de\\\/wp-content\\\/uploads\\\/2023\\\/04\\\/cropped-Makenzeichen.jpg\",\"contentUrl\":\"https:\\\/\\\/vohburger-braukurs.de\\\/wp-content\\\/uploads\\\/2023\\\/04\\\/cropped-Makenzeichen.jpg\",\"width\":349,\"height\":302,\"caption\":\"Vohburger Braukurs\"},\"image\":{\"@id\":\"https:\\\/\\\/vohburger-braukurs.de\\\/#\\\/schema\\\/logo\\\/image\\\/\"}}]}<\/script>\n<!-- \/ Yoast SEO plugin. -->","yoast_head_json":{"title":"Impressum - Vohburger Braukurs","robots":{"index":"index","follow":"follow","max-snippet":"max-snippet:-1","max-image-preview":"max-image-preview:large","max-video-preview":"max-video-preview:-1"},"canonical":"https:\/\/vohburger-braukurs.de\/?page_id=9","og_locale":"de_DE","og_type":"article","og_title":"Impressum - Vohburger Braukurs","og_description":"Angaben gem\u00e4\u00df \u00a7 5 TMG: \u00a0Hobbybraukurs Thaller Dominik\u00a0Menninger Str.9\u00a085088 Vohburg\u00a0Deutschland Tel.: 08457\/5157008&nbsp;dominikthaller1@yahoo.de Gesch\u00e4ftsf\u00fchrer:&nbsp; Thaller Dominik Logo: Thaller Dominik Gestaltung: Thaller Dominik Programmierung: Thaller Dominik Fotos:&hellip;","og_url":"https:\/\/vohburger-braukurs.de\/?page_id=9","og_site_name":"Vohburger Braukurs","article_modified_time":"2023-06-26T16:39:06+00:00","twitter_card":"summary_large_image","twitter_misc":{"Gesch\u00e4tzte Lesezeit":"3\u00a0Minuten"},"schema":{"@context":"https:\/\/schema.org","@graph":[{"@type":"WebPage","@id":"https:\/\/vohburger-braukurs.de\/?page_id=9","url":"https:\/\/vohburger-braukurs.de\/?page_id=9","name":"Impressum - Vohburger Braukurs","isPartOf":{"@id":"https:\/\/vohburger-braukurs.de\/#website"},"datePublished":"2023-04-03T18:45:29+00:00","dateModified":"2023-06-26T16:39:06+00:00","breadcrumb":{"@id":"https:\/\/vohburger-braukurs.de\/?page_id=9#breadcrumb"},"inLanguage":"de","potentialAction":[{"@type":"ReadAction","target":["https:\/\/vohburger-braukurs.de\/?page_id=9"]}]},{"@type":"BreadcrumbList","@id":"https:\/\/vohburger-braukurs.de\/?page_id=9#breadcrumb","itemListElement":[{"@type":"ListItem","position":1,"name":"Startseite","item":"https:\/\/vohburger-braukurs.de\/"},{"@type":"ListItem","position":2,"name":"Impressum"}]},{"@type":"WebSite","@id":"https:\/\/vohburger-braukurs.de\/#website","url":"https:\/\/vohburger-braukurs.de\/","name":"Vohburger Braukurs","description":"Wenn Bier die Frage ist, was ist dann die Antwort?","publisher":{"@id":"https:\/\/vohburger-braukurs.de\/#organization"},"potentialAction":[{"@type":"SearchAction","target":{"@type":"EntryPoint","urlTemplate":"https:\/\/vohburger-braukurs.de\/?s={search_term_string}"},"query-input":{"@type":"PropertyValueSpecification","valueRequired":true,"valueName":"search_term_string"}}],"inLanguage":"de"},{"@type":"Organization","@id":"https:\/\/vohburger-braukurs.de\/#organization","name":"Vohburger Braukurs","url":"https:\/\/vohburger-braukurs.de\/","logo":{"@type":"ImageObject","inLanguage":"de","@id":"https:\/\/vohburger-braukurs.de\/#\/schema\/logo\/image\/","url":"https:\/\/vohburger-braukurs.de\/wp-content\/uploads\/2023\/04\/cropped-Makenzeichen.jpg","contentUrl":"https:\/\/vohburger-braukurs.de\/wp-content\/uploads\/2023\/04\/cropped-Makenzeichen.jpg","width":349,"height":302,"caption":"Vohburger Braukurs"},"image":{"@id":"https:\/\/vohburger-braukurs.de\/#\/schema\/logo\/image\/"}}]}},"_links":{"self":[{"href":"https:\/\/vohburger-braukurs.de\/index.php?rest_route=\/wp\/v2\/pages\/9","targetHints":{"allow":["GET"]}}],"collection":[{"href":"https:\/\/vohburger-braukurs.de\/index.php?rest_route=\/wp\/v2\/pages"}],"about":[{"href":"https:\/\/vohburger-braukurs.de\/index.php?rest_route=\/wp\/v2\/types\/page"}],"author":[{"embeddable":true,"href":"https:\/\/vohburger-braukurs.de\/index.php?rest_route=\/wp\/v2\/users\/1"}],"replies":[{"embeddable":true,"href":"https:\/\/vohburger-braukurs.de\/index.php?rest_route=%2Fwp%2Fv2%2Fcomments&post=9"}],"version-history":[{"count":2,"href":"https:\/\/vohburger-braukurs.de\/index.php?rest_route=\/wp\/v2\/pages\/9\/revisions"}],"predecessor-version":[{"id":250,"href":"https:\/\/vohburger-braukurs.de\/index.php?rest_route=\/wp\/v2\/pages\/9\/revisions\/250"}],"wp:attachment":[{"href":"https:\/\/vohburger-braukurs.de\/index.php?rest_route=%2Fwp%2Fv2%2Fmedia&parent=9"}],"curies":[{"name":"wp","href":"https:\/\/api.w.org\/{rel}","templated":true}]}}